{"id":6599,"date":"2019-04-16T00:37:09","date_gmt":"2019-04-16T03:37:09","guid":{"rendered":"https:\/\/alexflemming.com.br\/?page_id=6599"},"modified":"2019-04-17T18:09:01","modified_gmt":"2019-04-17T21:09:01","slug":"exposicoes-passadas","status":"publish","type":"page","link":"https:\/\/alexflemming.com.br\/en\/exposicoes-passadas\/","title":{"rendered":"PAST EXHIBITIONS"},"content":{"rendered":"<div id=\"pl-6599\"  class=\"panel-layout\" ><div id=\"pg-6599-0\"  class=\"panel-grid panel-no-style\" ><div id=\"pgc-6599-0-0\"  class=\"panel-grid-cell\" ><div id=\"panel-6599-0-0-0\" class=\"so-panel widget widget_ttrust_blog create-blog panel-first-child panel-last-child\" data-index=\"0\" >\t\t\t\t<div id=\"widget-0-0-0\" class=\"blog clear grid col-1 alignment-left\">\n\n\t\t\t\t\t\t\t\t\t\t\n\t\t<article class=\"small post-7032 post type-post status-publish format-standard has-post-thumbnail hentry category-past-exhibitions\">\n\t\t\t<div class=\"inside\">\n\t\t\t\t\t\t\n\t\t\t\t<a href=\"https:\/\/alexflemming.com.br\/en\/lapides-na-galeria-hosek-contemporary\/\" rel=\"bookmark\" class=\"post-thumb\"><img loading=\"lazy\" decoding=\"async\" width=\"800\" height=\"600\" src=\"https:\/\/alexflemming.com.br\/wp-content\/uploads\/2024\/05\/X1A2421-Edit-Foto-Henrique-Luz-800x600.jpg\" class=\" wp-post-image\" alt=\"L\u00c1PIDES IN HOSEK CONTEMPORARY GALLERY\" title=\"L\u00c1PIDES IN HOSEK CONTEMPORARY GALLERY\" \/><\/a>\n\t\t\t\n\t\t\t<div class=\"content\">\n\t\t\t\t<h3><a href=\"https:\/\/alexflemming.com.br\/en\/lapides-na-galeria-hosek-contemporary\/\" rel=\"bookmark\" alt=\"L\u00c1PIDES IN HOSEK CONTEMPORARY GALLERY\">L\u00c1PIDES IN HOSEK CONTEMPORARY GALLERY<\/a><\/h3>\n\t\t\t\t<span class=\"meta\">\n\t\t\t\t\tWednesday May 29th, 2024\t\t\t\t<\/span>\n\t\t\t\t\t\t\t<\/div>\n\t\t\t<\/div>\n\t\t<\/article>\n\n\t\t\t\t\t\t\n\t\t<article class=\"small post-6594 post type-post status-publish format-standard has-post-thumbnail hentry category-past-exhibitions\">\n\t\t\t<div class=\"inside\">\n\t\t\t\t\t\t\n\t\t\t\t<a href=\"https:\/\/alexflemming.com.br\/en\/apocalipse-berlim-2019\/\" rel=\"bookmark\" class=\"post-thumb\"><img loading=\"lazy\" decoding=\"async\" width=\"621\" height=\"600\" src=\"https:\/\/alexflemming.com.br\/wp-content\/uploads\/2019\/04\/AF_201526-621x600.jpg\" class=\" wp-post-image\" alt=\"APOCALYPSE &#8211; BERLIN 2019\" title=\"APOCALYPSE &#8211; BERLIN 2019\" \/><\/a>\n\t\t\t\n\t\t\t<div class=\"content\">\n\t\t\t\t<h3><a href=\"https:\/\/alexflemming.com.br\/en\/apocalipse-berlim-2019\/\" rel=\"bookmark\" alt=\"APOCALYPSE &#8211; BERLIN 2019\">APOCALYPSE &#8211; BERLIN 2019<\/a><\/h3>\n\t\t\t\t<span class=\"meta\">\n\t\t\t\t\tTuesday April 16th, 2019\t\t\t\t<\/span>\n\t\t\t\t\t\t\t<\/div>\n\t\t\t<\/div>\n\t\t<\/article>\n\n\t\t\t\t\t\t\n\t\t<article class=\"small post-6592 post type-post status-publish format-standard has-post-thumbnail hentry category-past-exhibitions\">\n\t\t\t<div class=\"inside\">\n\t\t\t\t\t\t\n\t\t\t\t<a href=\"https:\/\/alexflemming.com.br\/en\/instalacao-anaconda-na-casa-museu-ema-klabin\/\" rel=\"bookmark\" class=\"post-thumb\"><img loading=\"lazy\" decoding=\"async\" width=\"800\" height=\"600\" src=\"https:\/\/alexflemming.com.br\/wp-content\/uploads\/2017\/10\/anaconda-alexflemming-800x600.jpg\" class=\" wp-post-image\" alt=\"Anaconda installation at the Ema Klabin House Museum\" title=\"Anaconda installation at the Ema Klabin House Museum\" \/><\/a>\n\t\t\t\n\t\t\t<div class=\"content\">\n\t\t\t\t<h3><a href=\"https:\/\/alexflemming.com.br\/en\/instalacao-anaconda-na-casa-museu-ema-klabin\/\" rel=\"bookmark\" alt=\"Anaconda installation at the Ema Klabin House Museum\">Anaconda installation at the Ema Klabin House Museum<\/a><\/h3>\n\t\t\t\t<span class=\"meta\">\n\t\t\t\t\tThursday October 26th, 2017\t\t\t\t<\/span>\n\t\t\t\t\t\t\t<\/div>\n\t\t\t<\/div>\n\t\t<\/article>\n\n\t\t\t\t\t\t\n\t\t<article class=\"small post-6589 post type-post status-publish format-standard has-post-thumbnail hentry category-past-exhibitions category-video\">\n\t\t\t<div class=\"inside\">\n\t\t\t\t\t\t\n\t\t\t\t<a href=\"https:\/\/alexflemming.com.br\/en\/alex-flemming-lapides\/\" rel=\"bookmark\" class=\"post-thumb\"><img loading=\"lazy\" decoding=\"async\" width=\"750\" height=\"403\" src=\"https:\/\/alexflemming.com.br\/wp-content\/uploads\/2016\/08\/videolapides2016.png\" class=\" wp-post-image\" alt=\"ALEX FLEMMING\/Tombstones\" title=\"ALEX FLEMMING\/Tombstones\" srcset=\"https:\/\/alexflemming.com.br\/wp-content\/uploads\/2016\/08\/videolapides2016.png 750w, https:\/\/alexflemming.com.br\/wp-content\/uploads\/2016\/08\/videolapides2016-300x161.png 300w\" sizes=\"auto, (max-width: 750px) 100vw, 750px\" \/><\/a>\n\t\t\t\n\t\t\t<div class=\"content\">\n\t\t\t\t<h3><a href=\"https:\/\/alexflemming.com.br\/en\/alex-flemming-lapides\/\" rel=\"bookmark\" alt=\"ALEX FLEMMING\/Tombstones\">ALEX FLEMMING\/Tombstones<\/a><\/h3>\n\t\t\t\t<span class=\"meta\">\n\t\t\t\t\tWednesday August 10th, 2016\t\t\t\t<\/span>\n\t\t\t\t\t\t\t<\/div>\n\t\t\t<\/div>\n\t\t<\/article>\n\n\t\t\t\t\t\t\n\t\t<article class=\"small post-6586 post type-post status-publish format-standard has-post-thumbnail hentry category-past-exhibitions\">\n\t\t\t<div class=\"inside\">\n\t\t\t\t\t\t\n\t\t\t\t<a href=\"https:\/\/alexflemming.com.br\/en\/alex-flemming-retroperspectiva\/\" rel=\"bookmark\" class=\"post-thumb\"><img loading=\"lazy\" decoding=\"async\" width=\"800\" height=\"600\" src=\"https:\/\/alexflemming.com.br\/wp-content\/uploads\/2016\/08\/convite-alexflemming-800x600.jpg\" class=\" wp-post-image\" alt=\"ALEX FLEMMING: RetroPerspective\" title=\"ALEX FLEMMING: RetroPerspective\" \/><\/a>\n\t\t\t\n\t\t\t<div class=\"content\">\n\t\t\t\t<h3><a href=\"https:\/\/alexflemming.com.br\/en\/alex-flemming-retroperspectiva\/\" rel=\"bookmark\" alt=\"ALEX FLEMMING: RetroPerspective\">ALEX FLEMMING: RetroPerspective<\/a><\/h3>\n\t\t\t\t<span class=\"meta\">\n\t\t\t\t\tSunday August  7th, 2016\t\t\t\t<\/span>\n\t\t\t\t\t\t\t<\/div>\n\t\t\t<\/div>\n\t\t<\/article>\n\n\t\t\t\t\t\t\t\t\t\t<\/div><!-- .blog -->\n\t\t\t\t<\/div>\t\t\t\t\n<\/div><\/div><\/div>","protected":false},"excerpt":{"rendered":"<p>A partir de 13 de agosto, o artista por tr\u00e1s dos rostos an\u00f4nimos no Metr\u00f4 Sumar\u00e9 apresenta a mostra gratuita \u201cAlex Flemming: RetroPerspectiva\u201d no MAC USP. Os paulistanos que j\u00e1 passaram pela Esta\u00e7\u00e3o Sumar\u00e9 do Metr\u00f4 de S\u00e3o Paulo j\u00e1 devem ter reparado alguns rostos an\u00f4nimos em pain\u00e9is de vidro sobrepostos por poemas brasileiros. O &hellip; <a href=\"https:\/\/alexflemming.com.br\/en\/alex-flemming-retroperspectiva\/\" title=\"ALEX FLEMMING: RetroPerspective\" class=\"read-more\">Read More<\/a><\/p>\n","protected":false},"author":9,"featured_media":0,"parent":0,"menu_order":0,"comment_status":"closed","ping_status":"closed","template":"","meta":{"footnotes":""},"class_list":["post-6599","page","type-page","status-publish","hentry"],"_links":{"self":[{"href":"https:\/\/alexflemming.com.br\/en\/wp-json\/wp\/v2\/pages\/6599","targetHints":{"allow":["GET"]}}],"collection":[{"href":"https:\/\/alexflemming.com.br\/en\/wp-json\/wp\/v2\/pages"}],"about":[{"href":"https:\/\/alexflemming.com.br\/en\/wp-json\/wp\/v2\/types\/page"}],"author":[{"embeddable":true,"href":"https:\/\/alexflemming.com.br\/en\/wp-json\/wp\/v2\/users\/9"}],"replies":[{"embeddable":true,"href":"https:\/\/alexflemming.com.br\/en\/wp-json\/wp\/v2\/comments?post=6599"}],"version-history":[{"count":4,"href":"https:\/\/alexflemming.com.br\/en\/wp-json\/wp\/v2\/pages\/6599\/revisions"}],"predecessor-version":[{"id":6626,"href":"https:\/\/alexflemming.com.br\/en\/wp-json\/wp\/v2\/pages\/6599\/revisions\/6626"}],"wp:attachment":[{"href":"https:\/\/alexflemming.com.br\/en\/wp-json\/wp\/v2\/media?parent=6599"}],"curies":[{"name":"wp","href":"https:\/\/api.w.org\/{rel}","templated":true}]}}